{"id":78,"date":"2017-12-12T11:24:21","date_gmt":"2017-12-12T15:24:21","guid":{"rendered":"http:\/\/ayuntamiento.guineo\/transparencia\/?page_id=78"},"modified":"2025-03-20T14:41:33","modified_gmt":"2025-03-20T18:41:33","slug":"definicion-oaim-oficina-de-acceso-a-la-informacion-municipal","status":"publish","type":"page","link":"https:\/\/distritomunicipalbarroarriba.gob.do\/transparencia\/definicion-oaim-oficina-de-acceso-a-la-informacion-municipal\/","title":{"rendered":"Definici\u00f3n OAIM (Oficina de Acceso a la Informaci\u00f3n Municipal)"},"content":{"rendered":"<div class=\"wp-block-image\">\n<figure class=\"alignleft size-full is-resized\"><img loading=\"lazy\" decoding=\"async\" width=\"487\" height=\"630\" src=\"https:\/\/distritomunicipalbarroarriba.gob.do\/transparencia\/wp-content\/uploads\/2025\/03\/image-1.png\" alt=\"\" class=\"wp-image-370\" style=\"width:317px;height:auto\" srcset=\"https:\/\/distritomunicipalbarroarriba.gob.do\/transparencia\/wp-content\/uploads\/2025\/03\/image-1.png 487w, https:\/\/distritomunicipalbarroarriba.gob.do\/transparencia\/wp-content\/uploads\/2025\/03\/image-1-250x323.png 250w, https:\/\/distritomunicipalbarroarriba.gob.do\/transparencia\/wp-content\/uploads\/2025\/03\/image-1-120x155.png 120w\" sizes=\"(max-width: 487px) 100vw, 487px\" \/><\/figure><\/div>\n\n\n\n\n<p>La Oficina de Acceso a la Informaci\u00f3n Municipal (OAIM) en la Rep\u00fablica Dominicana es una dependencia de los ayuntamientos creada en virtud <span class=\"citation-0 citation-end-0 interactive-span-selected-v2\">de la Ley General de Libre Acceso a la Informaci\u00f3n P\u00fablica No. 200-04 y su reglamento de aplicaci\u00f3n, el Decreto No. 130-05<\/span><\/p>\n<p data-sourcepos=\"3:1-3:26\"><strong>Objetivos principales:<\/strong><\/p>\n<ul data-sourcepos=\"5:1-8:0\">\n<li data-sourcepos=\"5:1-5:162\"><strong>Garantizar el derecho de acceso a la informaci\u00f3n p\u00fablica:<\/strong> Facilitar a los ciudadanos el acceso a la informaci\u00f3n generada o en posesi\u00f3n de los ayuntamientos.<\/li>\n<li data-sourcepos=\"6:1-6:143\"><strong>Promover la transparencia y la rendici\u00f3n de cuentas:<\/strong> Contribuir a una gesti\u00f3n municipal m\u00e1s transparente y abierta al escrutinio p\u00fablico.<\/li>\n<li data-sourcepos=\"7:1-8:0\"><strong>Fortalecer la participaci\u00f3n ciudadana:<\/strong> Fomentar la participaci\u00f3n activa de los ciudadanos en la toma de decisiones y el control de la gesti\u00f3n municipal.<\/li>\n<\/ul>\n<p data-sourcepos=\"9:1-9:26\"><strong>Funciones principales:<\/strong><\/p>\n<ul data-sourcepos=\"11:1-16:0\">\n<li data-sourcepos=\"11:1-11:60\">Recibir y tramitar las solicitudes de informaci\u00f3n p\u00fablica.<\/li>\n<li data-sourcepos=\"12:1-12:77\">Facilitar el acceso a la informaci\u00f3n p\u00fablica de manera oportuna y completa.<\/li>\n<li data-sourcepos=\"13:1-13:83\">Publicar informaci\u00f3n relevante sobre la gesti\u00f3n municipal en formatos accesibles.<\/li>\n<li data-sourcepos=\"14:1-14:89\">Capacitar a los funcionarios municipales en materia de acceso a la informaci\u00f3n p\u00fablica.<\/li>\n<li data-sourcepos=\"15:1-16:0\">Promover la cultura de la transparencia y la rendici\u00f3n de cuentas en el \u00e1mbito municipal.<\/li>\n<\/ul>\n<p data-sourcepos=\"17:1-17:229\">En resumen, las OAIM son fundamentales para garantizar el derecho de los ciudadanos a acceder a la informaci\u00f3n p\u00fablica en el \u00e1mbito municipal, promoviendo la transparencia y la participaci\u00f3n ciudadana en la gesti\u00f3n p\u00fablica local.<\/p>\n<p><strong>LEY 176-07 DISTRITO NACIONAL Y LOS MUNICIPIOS<\/strong><\/p>\n<p><strong>Art\u00edculo Dos.- DEFINICI\u00d3N Y OBJETIVOS DEL AYUNTAMIENTO<\/strong><\/p>\n<p>El ayuntamiento constituye la entidad pol\u00edtica administrativa b\u00e1sica del Estado dominicano, que se encuentra asentada en un territorio determinado que le es propio. Como tal es una persona jur\u00eddica descentralizada, que goza de autonom\u00eda pol\u00edtica, fiscal, administrativa y funcional, gestora de los intereses propios de la colectividad local, con patrimonio propio y con capacidad para realizar todos los actos jur\u00eddicos que fueren necesarios y \u00fatiles para garantizar el desarrollo sostenible de sus habitantes y el cumplimiento de sus fines en la forma y con las condiciones que la Constituci\u00f3n y las leyes lo determinen.<\/p>\n<p><strong>Art\u00edculo Tres. \u2013 CARACTER\u00cdSTICAS JUR\u00cdDICAS DEL \u00d3RGANO DE GOBIERNO DEL MUNICIPIO.<\/strong><\/p>\n<p>El ayuntamiento como entidad de la administraci\u00f3n p\u00fablica, tiene independencia en el ejercicio de sus funciones y competencias con las restricciones y limitaciones que establezcan la Constituci\u00f3n, su ley org\u00e1nica y las dem\u00e1s leyes, cuentan con patrimonio propio, personalidad jur\u00eddica y capacidad para adquirir derechos y contraer obligaciones, y, en general el cumplimiento de sus fines en los t\u00e9rminos legalmente establecidos.<\/p>\n<p><strong>Art\u00edculo. Cuatro. \u2013 \u00c1MBITO DE ACTUACI\u00d3N<\/strong><\/p>\n<p>Los ayuntamientos tendr\u00e1n como \u00e1mbito de actuaci\u00f3n las competencias propias, y adem\u00e1s, las coordinadas y delegadas con los dem\u00e1s entes que conformen la administraci\u00f3n p\u00fablica, que le defina la Constituci\u00f3n, su ley, las legislaciones sectoriales y las que rijan las relaciones interadministrativas. Se considera que las competencias de los ayuntamientos recaer\u00e1n sobre todos los \u00e1mbitos de la administraci\u00f3n p\u00fablica, exceptuando aquellas que la Constituci\u00f3n reserve para la administraci\u00f3n central.<\/p>\n<p><b>P\u00e1rrafo. \u2013<\/b>\u00a0Se considera como competencia m\u00ednima el derecho de ser informado y coordinaci\u00f3n.<\/p>\n<p>\u00a0<\/p>\n","protected":false},"excerpt":{"rendered":"La Oficina de Acceso a la Informaci\u00f3n Municipal (OAIM) en la Rep\u00fablica Dominicana es una dependencia de los ayuntamientos creada en virtud de la Ley General de Libre Acceso a la Informaci\u00f3n P\u00fablica No. 200-04 y su reglamento de aplicaci\u00f3n, el Decreto No. 130-05 Objetivos principales: Garantizar el derecho de acceso a la informaci\u00f3n p\u00fablica:&#8230;","protected":false},"author":1,"featured_media":0,"parent":0,"menu_order":0,"comment_status":"closed","ping_status":"closed","template":"","meta":{"footnotes":""},"class_list":["post-78","page","type-page","status-publish","hentry"],"acf":[],"_links":{"self":[{"href":"https:\/\/distritomunicipalbarroarriba.gob.do\/transparencia\/wp-json\/wp\/v2\/pages\/78"}],"collection":[{"href":"https:\/\/distritomunicipalbarroarriba.gob.do\/transparencia\/wp-json\/wp\/v2\/pages"}],"about":[{"href":"https:\/\/distritomunicipalbarroarriba.gob.do\/transparencia\/wp-json\/wp\/v2\/types\/page"}],"author":[{"embeddable":true,"href":"https:\/\/distritomunicipalbarroarriba.gob.do\/transparencia\/wp-json\/wp\/v2\/users\/1"}],"replies":[{"embeddable":true,"href":"https:\/\/distritomunicipalbarroarriba.gob.do\/transparencia\/wp-json\/wp\/v2\/comments?post=78"}],"version-history":[{"count":5,"href":"https:\/\/distritomunicipalbarroarriba.gob.do\/transparencia\/wp-json\/wp\/v2\/pages\/78\/revisions"}],"predecessor-version":[{"id":378,"href":"https:\/\/distritomunicipalbarroarriba.gob.do\/transparencia\/wp-json\/wp\/v2\/pages\/78\/revisions\/378"}],"wp:attachment":[{"href":"https:\/\/distritomunicipalbarroarriba.gob.do\/transparencia\/wp-json\/wp\/v2\/media?parent=78"}],"curies":[{"name":"wp","href":"https:\/\/api.w.org\/{rel}","templated":true}]}}