{"id":56,"date":"2017-12-12T10:55:12","date_gmt":"2017-12-12T14:55:12","guid":{"rendered":"http:\/\/ayuntamiento.guineo\/transparencia\/?page_id=56"},"modified":"2025-03-20T14:39:29","modified_gmt":"2025-03-20T18:39:29","slug":"derechos-de-los-ciudadanos","status":"publish","type":"page","link":"https:\/\/distritomunicipalbarroarriba.gob.do\/transparencia\/derechos-de-los-ciudadanos\/","title":{"rendered":"Derechos de los Ciudadanos"},"content":{"rendered":"<p><strong>Art\u00edculo 14.- Las y Los Mun\u00edcipes.<\/strong><\/p>\n<p>Las y Los mun\u00edcipes son los habitantes que tienen su residencia habitual en el territorio municipal. El conjunto de personas que reside en un municipio constituye la poblaci\u00f3n del mismo.<\/p>\n<p><strong>Articulo 15.- Derechos y Deberes de Las y Los Mun\u00edcipes:<\/strong><\/p>\n<p>Los derechos y deberes del y de la mun\u00edcipe son:<\/p>\n<ul>\n<li>Elegir y ser elegible de acuerdo a lo dispuesto en la Constituci\u00f3n, la Ley Electoral y esta ley.<\/li>\n<li>Hacer uso de los servicios p\u00fablicos municipales en las condiciones establecidas en las ordenanzas y reglamentos municipales.<\/li>\n<li>Exigir que las competencias propias, coordinadas y\/o delegadas sean prestadas con eficiencia, eficacia y transparencia ante el ayuntamiento, las instancias de lo contencioso administrativo, instancias de control interno y externo de la administraci\u00f3n p\u00fablica.<\/li>\n<li>Participar en la gesti\u00f3n municipal de acuerdo con lo dispuesto en las leyes y reglamentos.<\/li>\n<li>Consultar los archivos y registros de los ayuntamientos, as\u00ed como obtener copias y certificaciones de los documentos de dominio p\u00fablico municipal, conforme lo establecido en la Ley de Libre Acceso a la Informaci\u00f3n P\u00fablica.<\/li>\n<li>Desarrollar y formar asociaciones destinadas a la defensa de los intereses colectivos de \u00e1mbito comunitario.<\/li>\n<li>Reclamar ante los \u00f3rganos de gobierno municipal contra los actos u omisiones de \u00e9stos que les perjudiquen individual o colectivamente.<\/li>\n<li>Cumplir con las ordenanzas y disposiciones municipales, con sus obligaciones tributarias y denunciar los hechos y actos que lesionen el patrimonio municipal.<\/li>\n<li>Todos aquellos otros derechos y deberes previstos en la Constituci\u00f3n y las leyes.<\/li>\n<\/ul>\n","protected":false},"excerpt":{"rendered":"Art\u00edculo 14.- Las y Los Mun\u00edcipes. Las y Los mun\u00edcipes son los habitantes que tienen su residencia habitual en el territorio municipal. El conjunto de personas que reside en un municipio constituye la poblaci\u00f3n del mismo. Articulo 15.- Derechos y Deberes de Las y Los Mun\u00edcipes: Los derechos y deberes del y de la mun\u00edcipe&#8230;","protected":false},"author":1,"featured_media":0,"parent":0,"menu_order":0,"comment_status":"closed","ping_status":"closed","template":"","meta":{"footnotes":""},"class_list":["post-56","page","type-page","status-publish","hentry"],"acf":[],"_links":{"self":[{"href":"https:\/\/distritomunicipalbarroarriba.gob.do\/transparencia\/wp-json\/wp\/v2\/pages\/56"}],"collection":[{"href":"https:\/\/distritomunicipalbarroarriba.gob.do\/transparencia\/wp-json\/wp\/v2\/pages"}],"about":[{"href":"https:\/\/distritomunicipalbarroarriba.gob.do\/transparencia\/wp-json\/wp\/v2\/types\/page"}],"author":[{"embeddable":true,"href":"https:\/\/distritomunicipalbarroarriba.gob.do\/transparencia\/wp-json\/wp\/v2\/users\/1"}],"replies":[{"embeddable":true,"href":"https:\/\/distritomunicipalbarroarriba.gob.do\/transparencia\/wp-json\/wp\/v2\/comments?post=56"}],"version-history":[{"count":2,"href":"https:\/\/distritomunicipalbarroarriba.gob.do\/transparencia\/wp-json\/wp\/v2\/pages\/56\/revisions"}],"predecessor-version":[{"id":377,"href":"https:\/\/distritomunicipalbarroarriba.gob.do\/transparencia\/wp-json\/wp\/v2\/pages\/56\/revisions\/377"}],"wp:attachment":[{"href":"https:\/\/distritomunicipalbarroarriba.gob.do\/transparencia\/wp-json\/wp\/v2\/media?parent=56"}],"curies":[{"name":"wp","href":"https:\/\/api.w.org\/{rel}","templated":true}]}}