{"id":258,"date":"2018-01-22T10:17:40","date_gmt":"2018-01-22T14:17:40","guid":{"rendered":"http:\/\/ayuntamiento.o\/transparencia\/?page_id=258"},"modified":"2025-06-05T08:44:02","modified_gmt":"2025-06-05T12:44:02","slug":"responsable-de-acceso-a-la-informacion","status":"publish","type":"page","link":"https:\/\/distritomunicipalbarroarriba.gob.do\/transparencia\/responsable-de-acceso-a-la-informacion\/","title":{"rendered":"Responsable de Acceso a la Informaci\u00f3n"},"content":{"rendered":"\n<p>Nayrobis Ram\u00edrez Ram\u00edrez.<\/p>\n\n\n\n<p><strong>Enc. de la oficina de Libre Acceso a la Informaci\u00f3n.<\/strong><\/p>\n\n\n\n<p>Correo: oiabarroarriba2024@gmail.com<\/p>\n<p><strong>Tel. 829-5523456<\/strong><\/p>\n\n\n\n\n","protected":false},"excerpt":{"rendered":"Nayrobis Ram\u00edrez Ram\u00edrez. Enc. de la oficina de Libre Acceso a la Informaci\u00f3n. Correo: oiabarroarriba2024@gmail.com Tel. 829-5523456","protected":false},"author":1,"featured_media":0,"parent":0,"menu_order":0,"comment_status":"closed","ping_status":"closed","template":"","meta":{"footnotes":""},"class_list":["post-258","page","type-page","status-publish","hentry"],"acf":[],"_links":{"self":[{"href":"https:\/\/distritomunicipalbarroarriba.gob.do\/transparencia\/wp-json\/wp\/v2\/pages\/258"}],"collection":[{"href":"https:\/\/distritomunicipalbarroarriba.gob.do\/transparencia\/wp-json\/wp\/v2\/pages"}],"about":[{"href":"https:\/\/distritomunicipalbarroarriba.gob.do\/transparencia\/wp-json\/wp\/v2\/types\/page"}],"author":[{"embeddable":true,"href":"https:\/\/distritomunicipalbarroarriba.gob.do\/transparencia\/wp-json\/wp\/v2\/users\/1"}],"replies":[{"embeddable":true,"href":"https:\/\/distritomunicipalbarroarriba.gob.do\/transparencia\/wp-json\/wp\/v2\/comments?post=258"}],"version-history":[{"count":4,"href":"https:\/\/distritomunicipalbarroarriba.gob.do\/transparencia\/wp-json\/wp\/v2\/pages\/258\/revisions"}],"predecessor-version":[{"id":556,"href":"https:\/\/distritomunicipalbarroarriba.gob.do\/transparencia\/wp-json\/wp\/v2\/pages\/258\/revisions\/556"}],"wp:attachment":[{"href":"https:\/\/distritomunicipalbarroarriba.gob.do\/transparencia\/wp-json\/wp\/v2\/media?parent=258"}],"curies":[{"name":"wp","href":"https:\/\/api.w.org\/{rel}","templated":true}]}}